{"id":437,"date":"2020-03-25T14:05:29","date_gmt":"2020-03-25T13:05:29","guid":{"rendered":"https:\/\/shakos.fr\/shipping\/"},"modified":"2025-10-10T10:39:13","modified_gmt":"2025-10-10T08:39:13","slug":"shipping","status":"publish","type":"page","link":"https:\/\/shakos.fr\/en\/shipping\/","title":{"rendered":"Shipping"},"content":{"rendered":"<p>[et_pb_section fb_built=&#8221;1&#8243; _builder_version=&#8221;4.16&#8243; custom_padding=&#8221;0px||0px|||&#8221; global_colors_info=&#8221;{}&#8221;][et_pb_row _builder_version=&#8221;4.16&#8243; background_color=&#8221;#ffffff&#8221; custom_padding=&#8221;|30px||30px|false|true&#8221; global_colors_info=&#8221;{}&#8221;][et_pb_column type=&#8221;4_4&#8243; _builder_version=&#8221;4.16&#8243; global_colors_info=&#8221;{}&#8221;][et_pb_text _builder_version=&#8221;4.16&#8243; text_font=&#8221;|||||on|||&#8221; border_width_bottom=&#8221;1px&#8221; border_color_bottom=&#8221;#ff8a3b&#8221; global_colors_info=&#8221;{}&#8221;]<\/p>\n<h1>Shipping<\/h1>\n<p>[\/et_pb_text][et_pb_text _builder_version=&#8221;4.27.4&#8243; hover_enabled=&#8221;0&#8243; global_colors_info=&#8221;{}&#8221; sticky_enabled=&#8221;0&#8243;]<\/p>\n<p>Shipping costs will be calculated according to the weight of the products in your order and the country of destination.<\/p>\n<h2>Shipping costs for metropolitan France<\/h2>\n<p>Shipping is free for any delivery in metropolitan France for any order over 80\u20ac.<\/p>\n<table border=\"1px solid\" style=\"width: 1030px;\">\n<tbody>\n<tr>\n<td style=\"width: 200.883px;\"><\/td>\n<td style=\"text-align: center; width: 813.117px;\" colspan=\"4\"><strong>Shipping costs<\/strong><\/td>\n<\/tr>\n<tr>\n<td style=\"width: 200.883px;\"><strong>Weight<\/strong><\/td>\n<td style=\"width: 201.283px;\"><strong>Mondial Relay &#8211; Locker<\/strong><br \/><strong>2-5 days<\/strong><\/td>\n<td style=\"width: 195.55px;\"><strong>Mondial Relay &#8211; Relay point<br \/>2-5 days\u00a0<\/strong><\/td>\n<td style=\"width: 195.533px;\"><strong>Mondial Relay &#8211; Home<br \/>2-5 days\u00a0<\/strong><\/td>\n<td style=\"width: 202.75px;\"><strong>Colissimo<\/strong> <strong>48h &#8211; 72h<\/strong><\/td>\n<\/tr>\n<tr>\n<td style=\"width: 200.883px;\">Up to 500 g<\/td>\n<td style=\"width: 201.283px;\">4\u20ac<\/td>\n<td style=\"width: 195.55px;\">4\u20ac<\/td>\n<td style=\"width: 195.533px;\">4\u20ac<\/td>\n<td style=\"width: 202.75px;\">3\u20ac<\/td>\n<\/tr>\n<tr>\n<td style=\"width: 200.883px;\">Up to 1 kg<\/td>\n<td style=\"width: 201.283px;\">2\u20ac<\/td>\n<td style=\"width: 195.55px;\">4\u20ac<\/td>\n<td style=\"width: 195.533px;\">5\u20ac<\/td>\n<td style=\"width: 202.75px;\">4\u20ac<\/td>\n<\/tr>\n<tr>\n<td style=\"width: 200.883px;\">Up to 2 kg<\/td>\n<td style=\"width: 201.283px;\">0\u20ac<\/td>\n<td style=\"width: 195.55px;\">4\u20ac<\/td>\n<td style=\"width: 195.533px;\">7\u20ac<\/td>\n<td style=\"width: 202.75px;\">5\u20ac<\/td>\n<\/tr>\n<tr>\n<td style=\"width: 200.883px;\">Up to\u00a05 kg<\/td>\n<td style=\"width: 201.283px;\">0\u20ac<\/td>\n<td style=\"width: 195.55px;\">5\u20ac<\/td>\n<td style=\"width: 195.533px;\">12\u20ac<\/td>\n<td style=\"width: 202.75px;\">10\u20ac<\/td>\n<\/tr>\n<tr>\n<td style=\"width: 200.883px;\">Up to 10 kg<\/td>\n<td style=\"width: 201.283px;\">0\u20ac<\/td>\n<td style=\"width: 195.55px;\">6\u20ac<\/td>\n<td style=\"width: 195.533px;\">15\u20ac<\/td>\n<td style=\"width: 202.75px;\">15\u20ac<\/td>\n<\/tr>\n<tr>\n<td style=\"width: 200.883px;\">Up to 20 kg<\/td>\n<td style=\"width: 201.283px;\">0\u20ac<\/td>\n<td style=\"width: 195.55px;\">8\u20ac<\/td>\n<td style=\"width: 195.533px;\">30\u20ac<\/td>\n<td style=\"width: 202.75px;\">20\u20ac<\/td>\n<\/tr>\n<tr>\n<td style=\"width: 200.883px;\">Up to 30 kg<\/td>\n<td style=\"width: 201.283px;\">not available<\/td>\n<td style=\"width: 195.55px;\">10\u20ac<\/td>\n<td style=\"width: 195.533px;\">not available<\/td>\n<td style=\"width: 202.75px;\">20\u20ac<\/td>\n<\/tr>\n<\/tbody>\n<\/table>\n<h2>Shipping costs for Dom, Tom and CT<\/h2>\n<table border=\"1px solid\">\n<tbody>\n<tr>\n<td width=\"214\"><\/td>\n<td style=\"text-align: center;\" colspan=\"2\" width=\"428\"><strong>Shipping costs<\/strong><\/td>\n<\/tr>\n<tr>\n<td width=\"214\"><strong>Weight<\/strong><\/td>\n<td width=\"214\"><strong>Colissimo OM 1<sup>1<\/sup><\/strong><\/td>\n<td width=\"214\"><strong>Colissimo OM 2<sup>2<\/sup><\/strong><\/td>\n<\/tr>\n<tr>\n<td width=\"214\">Up to 500 g<\/td>\n<td width=\"214\">7\u20ac<\/td>\n<td width=\"214\">8\u20ac<\/td>\n<\/tr>\n<tr>\n<td width=\"214\">Up to 1 kg<\/td>\n<td width=\"214\">10\u20ac<\/td>\n<td width=\"214\">13\u20ac<\/td>\n<\/tr>\n<tr>\n<td width=\"214\">Up to 2 kg<\/td>\n<td width=\"214\">15\u20ac<\/td>\n<td width=\"214\">25\u20ac<\/td>\n<\/tr>\n<tr>\n<td width=\"214\">Up to 5 kg<\/td>\n<td width=\"214\">25\u20ac<\/td>\n<td width=\"214\">40\u20ac<\/td>\n<\/tr>\n<tr>\n<td width=\"214\">Up to 10 kg<\/td>\n<td width=\"214\">40\u20ac<\/td>\n<td width=\"214\">80\u20ac<\/td>\n<\/tr>\n<tr>\n<td width=\"214\">Up to 30 kg<\/td>\n<td width=\"214\">100\u20ac<\/td>\n<td width=\"214\">200\u20ac<\/td>\n<\/tr>\n<\/tbody>\n<\/table>\n<p><em><sup>1 <\/sup><\/em><em>Zone OM 1 : Guadeloupe, Martinique, Guyane, La R\u00e9union, Mayotte, Saint-Pierre-et-Miquelon, Saint-Martin, Saint-Barth\u00e9lemy.<\/em> <em><sup>2 <\/sup><\/em><em>Zone OM 2 : Nouvelle-Cal\u00e9donie, Polyn\u00e9sie Fran\u00e7aise, Wallis-et-Futuna, Terres australes et antarctiques fran\u00e7aises (TAAF).<\/em><\/p>\n<h2>Shipping costs for Belgium and Luxemburg<\/h2>\n<table border=\"1px solid\" style=\"width: 841px;\">\n<tbody>\n<tr>\n<td style=\"width: 203.317px;\"><\/td>\n<td style=\"text-align: center; width: 621.683px;\" colspan=\"3\"><strong>Shipping costs<\/strong><\/td>\n<\/tr>\n<tr>\n<td style=\"width: 203.317px;\"><strong>Weight<\/strong><\/td>\n<td style=\"width: 203.75px;\"><strong>Mondial Relay &#8211; Locker<\/strong><\/td>\n<td style=\"width: 200.683px;\"><strong>Mondial Relay &#8211; Relay point<\/strong><\/td>\n<td style=\"width: 205.25px;\"><strong>Colissimo<\/strong><\/td>\n<\/tr>\n<tr>\n<td style=\"width: 203.317px;\">Up to 500 g<\/td>\n<td style=\"width: 203.75px;\">4\u20ac<\/td>\n<td style=\"width: 200.683px;\">4\u20ac<\/td>\n<td style=\"width: 205.25px;\">8\u20ac<\/td>\n<\/tr>\n<tr>\n<td style=\"width: 203.317px;\">Up to 1 kg<\/td>\n<td style=\"width: 203.75px;\">2\u20ac<\/td>\n<td style=\"width: 200.683px;\">4\u20ac<\/td>\n<td style=\"width: 205.25px;\">10\u20ac<\/td>\n<\/tr>\n<tr>\n<td style=\"width: 203.317px;\">Up to 2 kg<\/td>\n<td style=\"width: 203.75px;\">0\u20ac<\/td>\n<td style=\"width: 200.683px;\">4\u20ac<\/td>\n<td style=\"width: 205.25px;\">12\u20ac<\/td>\n<\/tr>\n<tr>\n<td style=\"width: 203.317px;\">Up to 5 kg<\/td>\n<td style=\"width: 203.75px;\">0\u20ac<\/td>\n<td style=\"width: 200.683px;\">5\u20ac<\/td>\n<td style=\"width: 205.25px;\">15\u20ac<\/td>\n<\/tr>\n<tr>\n<td style=\"width: 203.317px;\">Up to 10 kg<\/td>\n<td style=\"width: 203.75px;\">0\u20ac<\/td>\n<td style=\"width: 200.683px;\">6\u20ac<\/td>\n<td style=\"width: 205.25px;\">20\u20ac<\/td>\n<\/tr>\n<tr>\n<td style=\"width: 203.317px;\">Up to 20 kg<\/td>\n<td style=\"width: 203.75px;\">0\u20ac<\/td>\n<td style=\"width: 200.683px;\">8\u20ac<\/td>\n<td style=\"width: 205.25px;\">50\u20ac<\/td>\n<\/tr>\n<tr>\n<td style=\"width: 203.317px;\">Up to 30 kg<\/td>\n<td style=\"width: 203.75px;\">not available<\/td>\n<td style=\"width: 200.683px;\">10\u20ac<\/td>\n<td style=\"width: 205.25px;\">50\u20ac<\/td>\n<\/tr>\n<\/tbody>\n<\/table>\n<h2><\/h2>\n<h2>Shipping costs for Germany, Austria, Spain, Italy, Portugal and UK, Netherlands, Poland<\/h2>\n<table border=\"1px solid\">\n<tbody>\n<tr>\n<td width=\"214\"><\/td>\n<td style=\"text-align: center;\" colspan=\"2\" width=\"428\"><strong>Shipping costs<\/strong><\/td>\n<\/tr>\n<tr>\n<td width=\"214\"><strong>Weight<\/strong><\/td>\n<td width=\"214\"><strong>Mondial Relay<\/strong><\/td>\n<td width=\"214\"><strong>Colissimo<\/strong><\/td>\n<\/tr>\n<tr>\n<td width=\"214\">Up to 500 g<\/td>\n<td width=\"214\">8\u20ac<\/td>\n<td width=\"214\">14\u20ac<\/td>\n<\/tr>\n<tr>\n<td width=\"214\">Up to 1 kg<\/td>\n<td width=\"214\">10\u20ac<\/td>\n<td width=\"214\">17\u20ac<\/td>\n<\/tr>\n<tr>\n<td width=\"214\">Up to 2 kg<\/td>\n<td width=\"214\">12\u20ac<\/td>\n<td width=\"214\">19\u20ac<\/td>\n<\/tr>\n<tr>\n<td width=\"214\">Up to 5 kg<\/td>\n<td width=\"214\">15\u20ac<\/td>\n<td width=\"214\">24\u20ac<\/td>\n<\/tr>\n<tr>\n<td width=\"214\">Up to 10 kg<\/td>\n<td width=\"214\">20\u20ac<\/td>\n<td width=\"214\">30\u20ac<\/td>\n<\/tr>\n<tr>\n<td width=\"214\">Up to 30 kg<\/td>\n<td width=\"214\">30\u20ac<\/td>\n<td width=\"214\">50\u20ac<\/td>\n<\/tr>\n<\/tbody>\n<\/table>\n<h2><\/h2>\n<h2>Shipping costs for Switzerland and other countries within EU<\/h2>\n<table border=\"1px solid\">\n<tbody>\n<tr>\n<td width=\"321\"><\/td>\n<td width=\"321\"><strong>Shipping costs<\/strong><\/td>\n<\/tr>\n<tr>\n<td width=\"321\"><strong>Weight<\/strong><\/td>\n<td width=\"321\"><strong>Colissimo<\/strong><\/td>\n<\/tr>\n<tr>\n<td width=\"321\">Up to 500 g<\/td>\n<td width=\"321\">14\u20ac<\/td>\n<\/tr>\n<tr>\n<td width=\"321\">Up to 1 kg<\/td>\n<td width=\"321\">17\u20ac<\/td>\n<\/tr>\n<tr>\n<td width=\"321\">Up to 2 kg<\/td>\n<td width=\"321\">19\u20ac<\/td>\n<\/tr>\n<tr>\n<td width=\"321\">Up to 5 kg<\/td>\n<td width=\"321\">24\u20ac<\/td>\n<\/tr>\n<tr>\n<td width=\"321\">Up to 10 kg<\/td>\n<td width=\"321\">30\u20ac<\/td>\n<\/tr>\n<tr>\n<td width=\"321\">Up to 30 kg<\/td>\n<td width=\"321\">50\u20ac<\/td>\n<\/tr>\n<\/tbody>\n<\/table>\n<h2><\/h2>\n<h2>Shipping costs for europe outside EU<\/h2>\n<table border=\"1px solid\">\n<tbody>\n<tr>\n<td width=\"321\"><\/td>\n<td width=\"321\"><strong>Shipping costs<\/strong><\/td>\n<\/tr>\n<tr>\n<td width=\"321\"><strong>Weight<\/strong><\/td>\n<td width=\"321\"><strong>Colissimo<\/strong><\/td>\n<\/tr>\n<tr>\n<td width=\"321\">Up to 500 g<\/td>\n<td width=\"321\">20\u20ac<\/td>\n<\/tr>\n<tr>\n<td width=\"321\">Up to 1 kg<\/td>\n<td width=\"321\">22\u20ac<\/td>\n<\/tr>\n<tr>\n<td width=\"321\">Up to 2 kg<\/td>\n<td width=\"321\">25\u20ac<\/td>\n<\/tr>\n<tr>\n<td width=\"321\">Up to 5 kg<\/td>\n<td width=\"321\">30\u20ac<\/td>\n<\/tr>\n<tr>\n<td width=\"321\">Up to 10 kg<\/td>\n<td width=\"321\">40\u20ac<\/td>\n<\/tr>\n<tr>\n<td width=\"321\">Up to 30 kg<\/td>\n<td width=\"321\">60\u20ac<\/td>\n<\/tr>\n<\/tbody>\n<\/table>\n<h2>Shipping costs for Canada, USA, Japon<\/h2>\n<table border=\"1px solid\">\n<tbody>\n<tr>\n<td width=\"321\"><\/td>\n<td width=\"321\"><strong>Shipping costs <\/strong><\/td>\n<\/tr>\n<tr>\n<td width=\"321\"><strong>Weight<\/strong><\/td>\n<td width=\"321\"><strong>Colissimo<\/strong><\/td>\n<\/tr>\n<tr>\n<td width=\"321\">Up to 1 kg<\/td>\n<td width=\"321\">20\u20ac<\/td>\n<\/tr>\n<tr>\n<td width=\"321\">Up to 3 kg<\/td>\n<td width=\"321\">30\u20ac<\/td>\n<\/tr>\n<tr>\n<td width=\"321\">Up to 5 kg<\/td>\n<td width=\"321\">35\u20ac<\/td>\n<\/tr>\n<tr>\n<td width=\"321\">Up to 10 kg<\/td>\n<td width=\"321\">60\u20ac<\/td>\n<\/tr>\n<tr>\n<td width=\"321\">Up to 20 kg<\/td>\n<td width=\"321\">100\u20ac<\/td>\n<\/tr>\n<\/tbody>\n<\/table>\n<h2><\/h2>\n<p>&nbsp;<\/p>\n<h2>Shipping costs for others countries<\/h2>\n<table border=\"1px solid\">\n<tbody>\n<tr>\n<td width=\"321\"><\/td>\n<td width=\"321\"><strong>Shipping costs<\/strong><\/td>\n<\/tr>\n<tr>\n<td width=\"321\"><strong>Weight<\/strong><\/td>\n<td width=\"321\"><strong>Colissimo<\/strong><\/td>\n<\/tr>\n<tr>\n<td width=\"321\">Up to 1 kg<\/td>\n<td width=\"321\">25\u20ac<\/td>\n<\/tr>\n<tr>\n<td width=\"321\">Up to 3 kg<\/td>\n<td width=\"321\">40\u20ac<\/td>\n<\/tr>\n<tr>\n<td width=\"321\">Up to 5 kg<\/td>\n<td width=\"321\">70\u20ac<\/td>\n<\/tr>\n<tr>\n<td width=\"321\">Up to\u00a010 kg<\/td>\n<td width=\"321\">100\u20ac<\/td>\n<\/tr>\n<tr>\n<td width=\"321\">Up to 20 kg<\/td>\n<td width=\"321\">200\u20ac<\/td>\n<\/tr>\n<\/tbody>\n<\/table>\n<h2><\/h2>\n<p>&nbsp;<\/p>\n<p>[\/et_pb_text][\/et_pb_column][\/et_pb_row][\/et_pb_section]<\/p>\n","protected":false},"excerpt":{"rendered":"<p>ShippingShipping costs will be calculated according to the weight of the products in your order and the country of destination. Shipping costs for metropolitan France Shipping is free for any delivery in metropolitan France for any order over 80\u20ac. Shipping costs Weight Mondial Relay &#8211; Locker2-5 days Mondial Relay &#8211; Relay point2-5 days\u00a0 Mondial Relay [&hellip;]<\/p>\n","protected":false},"author":1,"featured_media":0,"parent":0,"menu_order":0,"comment_status":"closed","ping_status":"closed","template":"","meta":{"_et_pb_use_builder":"on","_et_pb_old_content":"","_et_gb_content_width":"","footnotes":"","_links_to":"","_links_to_target":""},"class_list":["post-437","page","type-page","status-publish","hentry"],"_links":{"self":[{"href":"https:\/\/shakos.fr\/en\/wp-json\/wp\/v2\/pages\/437","targetHints":{"allow":["GET"]}}],"collection":[{"href":"https:\/\/shakos.fr\/en\/wp-json\/wp\/v2\/pages"}],"about":[{"href":"https:\/\/shakos.fr\/en\/wp-json\/wp\/v2\/types\/page"}],"author":[{"embeddable":true,"href":"https:\/\/shakos.fr\/en\/wp-json\/wp\/v2\/users\/1"}],"replies":[{"embeddable":true,"href":"https:\/\/shakos.fr\/en\/wp-json\/wp\/v2\/comments?post=437"}],"version-history":[{"count":12,"href":"https:\/\/shakos.fr\/en\/wp-json\/wp\/v2\/pages\/437\/revisions"}],"predecessor-version":[{"id":5738,"href":"https:\/\/shakos.fr\/en\/wp-json\/wp\/v2\/pages\/437\/revisions\/5738"}],"wp:attachment":[{"href":"https:\/\/shakos.fr\/en\/wp-json\/wp\/v2\/media?parent=437"}],"curies":[{"name":"wp","href":"https:\/\/api.w.org\/{rel}","templated":true}]}}