{"id":1127,"date":"2021-06-02T22:17:29","date_gmt":"2021-06-02T20:17:29","guid":{"rendered":"https:\/\/shakos.fr\/product\/napoleon-1815\/"},"modified":"2021-11-15T17:24:03","modified_gmt":"2021-11-15T16:24:03","slug":"napoleon-1815","status":"publish","type":"product","link":"https:\/\/shakos.fr\/en\/product\/napoleon-1815\/","title":{"rendered":"Napol\u00e9on 1815"},"content":{"rendered":"<p>[et_pb_section fb_built=&#8221;1&#8243; _builder_version=&#8221;4.4.1&#8243; background_color=&#8221;#ffffff&#8221; custom_margin=&#8221;-3px|||||&#8221; custom_padding=&#8221;|30px||30px|false|true&#8221;][et_pb_row _builder_version=&#8221;3.25&#8243; background_size=&#8221;initial&#8221; background_position=&#8221;top_left&#8221; background_repeat=&#8221;repeat&#8221; width=&#8221;100%&#8221; custom_padding=&#8221;0px||0px||false|false&#8221;][et_pb_column type=&#8221;4_4&#8243; _builder_version=&#8221;3.25&#8243; custom_padding=&#8221;|||&#8221; custom_padding__hover=&#8221;|||&#8221;][et_pb_wc_cart_notice _builder_version=&#8221;4.4.1&#8243; body_line_height=&#8221;2.3em&#8221; animation_style=&#8221;fade&#8221;][\/et_pb_wc_cart_notice][et_pb_wc_breadcrumb _builder_version=&#8221;3.0.47&#8243; custom_margin=&#8221;-14px|||||&#8221;][\/et_pb_wc_breadcrumb][\/et_pb_column][\/et_pb_row][et_pb_row column_structure=&#8221;1_3,1_3,1_3&#8243; _builder_version=&#8221;4.4.1&#8243; background_size=&#8221;initial&#8221; background_position=&#8221;top_left&#8221; background_repeat=&#8221;repeat&#8221; width=&#8221;100%&#8221; custom_padding=&#8221;0px||||false|false&#8221;][et_pb_column type=&#8221;1_3&#8243; _builder_version=&#8221;3.25&#8243; custom_padding=&#8221;|||&#8221; custom_padding__hover=&#8221;|||&#8221;][et_pb_wc_images _builder_version=&#8221;3.0.47&#8243;][\/et_pb_wc_images][\/et_pb_column][et_pb_column type=&#8221;1_3&#8243; _builder_version=&#8221;3.25&#8243; custom_padding=&#8221;|||&#8221; custom_padding__hover=&#8221;|||&#8221;][et_pb_wc_title _builder_version=&#8221;4.4.1&#8243; header_font=&#8221;|||||on|||&#8221; header_font_size=&#8221;31px&#8221; custom_margin=&#8221;||15px|||&#8221; border_width_bottom=&#8221;1px&#8221; border_color_bottom=&#8221;#ff8a3b&#8221;][\/et_pb_wc_title][et_pb_wc_rating _builder_version=&#8221;3.0.47&#8243;][\/et_pb_wc_rating][et_pb_wc_description _builder_version=&#8221;4.4.1&#8243;][\/et_pb_wc_description][et_pb_wc_additional_info show_title=&#8221;off&#8221; module_id=&#8221;table-product&#8221; _builder_version=&#8221;4.4.1&#8243; custom_margin=&#8221;22px|||||&#8221;][\/et_pb_wc_additional_info][et_pb_wc_meta _builder_version=&#8221;4.4.1&#8243;][\/et_pb_wc_meta][\/et_pb_column][et_pb_column type=&#8221;1_3&#8243; _builder_version=&#8221;3.25&#8243; custom_padding=&#8221;|||&#8221; custom_padding__hover=&#8221;|||&#8221;][et_pb_wc_price _builder_version=&#8221;4.4.1&#8243; body_font=&#8221;||||||||&#8221; body_font_size=&#8221;50px&#8221; background_color=&#8221;#fee0ad&#8221; text_orientation=&#8221;center&#8221; height=&#8221;100px&#8221; custom_margin=&#8221;55px||0px||false|false&#8221; custom_padding=&#8221;30px|20px|0px|20px|false|true&#8221;][\/et_pb_wc_price][et_pb_wc_add_to_cart _builder_version=&#8221;4.4.1&#8243; background_color=&#8221;#fee0ad&#8221; custom_margin=&#8221;-2px|||||&#8221; custom_padding=&#8221;|20px|20px|20px|false|true&#8221;][\/et_pb_wc_add_to_cart][\/et_pb_column][\/et_pb_row][et_pb_row _builder_version=&#8221;3.25&#8243; background_size=&#8221;initial&#8221; background_position=&#8221;top_left&#8221; background_repeat=&#8221;repeat&#8221; width=&#8221;100%&#8221;][et_pb_column type=&#8221;4_4&#8243; _builder_version=&#8221;3.25&#8243; custom_padding=&#8221;|||&#8221; custom_padding__hover=&#8221;|||&#8221;][et_pb_wc_description description_type=&#8221;description&#8221; _builder_version=&#8221;4.4.1&#8243;][\/et_pb_wc_description][\/et_pb_column][\/et_pb_row][\/et_pb_section]<\/p>\n","protected":false},"excerpt":{"rendered":"<p>Napoleon 1815 is the third game of the Napoleon series and will take you to 1815 to relive the last campaign of the Napoleonic Wars.<\/p>\n","protected":false},"featured_media":1122,"template":"","meta":{"_et_pb_use_builder":"on","_et_pb_old_content":"[tabs slidertype=\"top tabs\"]\r\n[tabcontainer]\r\n[tabtext]Description[\/tabtext]\r\n[tabtext]Contenu[\/tabtext]\r\n[tabtext]Ressources[\/tabtext]\r\n[\/tabcontainer]\r\n\r\n[tabcontent]\r\n\r\n[tab]\r\nHistory has written the story of Waterloo many different ways, but, in the end, it is always the same story.\r\n\r\nThis is your opportunity to write something different.\r\n\r\nNapol\u00e9on 1815 is the third installment in The Conquerors, a series devoted to the great strategists of history. Following on from Napol\u00e9on 1806 and Napol\u00e9on 1807, Napol\u00e9on 1815 brings its own unique challenges to this well-tried and highly acclaimed campaign system.\r\n\r\nFor up to three players, assume the role of Napoleon, Wellington, or Blucher, making the key decisions that will determine the fate of Europe. As Napoleon, will you adopt your own version of his \u201cstrategy of the central position,\u201d driving a wedge between the enemy armies and then annihilating each of them in turn? Or perhaps you will choose a different course, or find that change is forced upon you?\r\n\r\nTime is of the essence, for if the armies of Wellington and Blucher do join, the emperor\u2019s final throw of the dice is likely to end in defeat.\r\n\r\n[\/tab]\r\n\r\n[tab]\r\n[\/tab]\r\n\r\n[tab]\r\n\r\n<strong>Fran\u00e7ais<\/strong>\r\n<ul>\r\n \t<li><a href=\"https:\/\/shakos.fr\/wp-content\/uploads\/2021\/11\/napoleon_1815_rulebook_fr.pdf\" target=\"_blank\" rel=\"noopener\">Livret de r\u00e8gles<\/a><\/li>\r\n \t<li><a href=\"https:\/\/shakos.fr\/wp-content\/uploads\/2021\/11\/napoleon_1815_quickstart_rules_fr.pdf\" target=\"_blank\" rel=\"noopener\">Pour d\u00e9buter<\/a><\/li>\r\n \t<li><a href=\"https:\/\/shakos.fr\/wp-content\/uploads\/2021\/11\/napoleon_1815_scenario_fr.pdf\" target=\"_blank\" rel=\"noopener\">Sc\u00e9narios<\/a><\/li>\r\n<\/ul>\r\n<strong>English<\/strong>\r\n<ul>\r\n \t<li><a href=\"https:\/\/shakos.fr\/wp-content\/uploads\/2021\/11\/napoleon_1815_rulebook_en.pdf\" target=\"_blank\" rel=\"noopener\">Rulebook<\/a><\/li>\r\n \t<li><a href=\"https:\/\/shakos.fr\/wp-content\/uploads\/2021\/11\/napoleon_1815_quickstart_rules_en.pdf\" target=\"_blank\" rel=\"noopener\">Quickstart<\/a><\/li>\r\n \t<li><a href=\"https:\/\/shakos.fr\/wp-content\/uploads\/2021\/11\/napoleon_1815_scenario_en.pdf\" target=\"_blank\" rel=\"noopener\">Scenarios<\/a><\/li>\r\n<\/ul>\r\n[\/tab]\r\n\r\n[\/tabcontent]\r\n\r\n[\/tabs]","_et_gb_content_width":"","_links_to":"","_links_to_target":""},"product_brand":[],"product_cat":[50,42],"product_tag":[],"class_list":{"0":"post-1127","1":"product","2":"type-product","3":"status-publish","4":"has-post-thumbnail","6":"product_cat-conquerors-series-en","7":"product_cat-games","9":"first","10":"instock","11":"shipping-taxable","12":"purchasable","13":"product-type-variable"},"_links":{"self":[{"href":"https:\/\/shakos.fr\/en\/wp-json\/wp\/v2\/product\/1127","targetHints":{"allow":["GET"]}}],"collection":[{"href":"https:\/\/shakos.fr\/en\/wp-json\/wp\/v2\/product"}],"about":[{"href":"https:\/\/shakos.fr\/en\/wp-json\/wp\/v2\/types\/product"}],"wp:featuredmedia":[{"embeddable":true,"href":"https:\/\/shakos.fr\/en\/wp-json\/wp\/v2\/media\/1122"}],"wp:attachment":[{"href":"https:\/\/shakos.fr\/en\/wp-json\/wp\/v2\/media?parent=1127"}],"wp:term":[{"taxonomy":"product_brand","embeddable":true,"href":"https:\/\/shakos.fr\/en\/wp-json\/wp\/v2\/product_brand?post=1127"},{"taxonomy":"product_cat","embeddable":true,"href":"https:\/\/shakos.fr\/en\/wp-json\/wp\/v2\/product_cat?post=1127"},{"taxonomy":"product_tag","embeddable":true,"href":"https:\/\/shakos.fr\/en\/wp-json\/wp\/v2\/product_tag?post=1127"}],"curies":[{"name":"wp","href":"https:\/\/api.w.org\/{rel}","templated":true}]}}