{"id":5691,"date":"2025-10-07T19:36:05","date_gmt":"2025-10-07T17:36:05","guid":{"rendered":"https:\/\/shakos.fr\/product\/dice-set-sherman-solitaire\/"},"modified":"2026-01-27T12:32:18","modified_gmt":"2026-01-27T11:32:18","slug":"dice-set-sherman-solitaire","status":"publish","type":"product","link":"https:\/\/shakos.fr\/en\/product\/dice-set-sherman-solitaire\/","title":{"rendered":"Dice set &#8211; Sherman Solitaire"},"content":{"rendered":"<p>[et_pb_section fb_built=&#8221;1&#8243; _builder_version=&#8221;4.16&#8243; background_color=&#8221;#ffffff&#8221; custom_margin=&#8221;-3px|||||&#8221; custom_padding=&#8221;|30px||30px|false|true&#8221; global_colors_info=&#8221;{}&#8221;][et_pb_row _builder_version=&#8221;4.16&#8243; background_size=&#8221;initial&#8221; background_position=&#8221;top_left&#8221; background_repeat=&#8221;repeat&#8221; width=&#8221;100%&#8221; custom_padding=&#8221;0px||0px||false|false&#8221; global_colors_info=&#8221;{}&#8221;][et_pb_column type=&#8221;4_4&#8243; _builder_version=&#8221;4.16&#8243; custom_padding=&#8221;|||&#8221; global_colors_info=&#8221;{}&#8221; custom_padding__hover=&#8221;|||&#8221;][et_pb_wc_cart_notice _builder_version=&#8221;4.16&#8243; title_line_height=&#8221;2.3em&#8221; animation_style=&#8221;fade&#8221; body_line_height=&#8221;2.3em&#8221; global_colors_info=&#8221;{}&#8221;][\/et_pb_wc_cart_notice][et_pb_wc_breadcrumb _builder_version=&#8221;4.16&#8243; custom_margin=&#8221;-14px|||||&#8221; global_colors_info=&#8221;{}&#8221;][\/et_pb_wc_breadcrumb][\/et_pb_column][\/et_pb_row][et_pb_row column_structure=&#8221;1_3,1_3,1_3&#8243; _builder_version=&#8221;4.16&#8243; background_size=&#8221;initial&#8221; background_position=&#8221;top_left&#8221; background_repeat=&#8221;repeat&#8221; width=&#8221;100%&#8221; custom_padding=&#8221;0px||||false|false&#8221; global_colors_info=&#8221;{}&#8221;][et_pb_column type=&#8221;1_3&#8243; _builder_version=&#8221;4.16&#8243; custom_padding=&#8221;|||&#8221; global_colors_info=&#8221;{}&#8221; custom_padding__hover=&#8221;|||&#8221;][et_pb_wc_images _builder_version=&#8221;4.16&#8243; global_colors_info=&#8221;{}&#8221;][\/et_pb_wc_images][\/et_pb_column][et_pb_column type=&#8221;1_3&#8243; _builder_version=&#8221;4.16&#8243; custom_padding=&#8221;|||&#8221; global_colors_info=&#8221;{}&#8221; custom_padding__hover=&#8221;|||&#8221;][et_pb_wc_title _builder_version=&#8221;4.16&#8243; header_font=&#8221;|||||on|||&#8221; header_font_size=&#8221;31px&#8221; custom_margin=&#8221;||15px|||&#8221; border_width_bottom=&#8221;1px&#8221; border_color_bottom=&#8221;#ff8a3b&#8221; global_colors_info=&#8221;{}&#8221;][\/et_pb_wc_title][et_pb_wc_rating _builder_version=&#8221;4.16&#8243; global_colors_info=&#8221;{}&#8221;][\/et_pb_wc_rating][et_pb_wc_description _builder_version=&#8221;4.16&#8243; global_colors_info=&#8221;{}&#8221;][\/et_pb_wc_description][et_pb_wc_additional_info show_title=&#8221;off&#8221; module_id=&#8221;table-product&#8221; _builder_version=&#8221;4.16&#8243; custom_margin=&#8221;22px|||||&#8221; global_colors_info=&#8221;{}&#8221;][\/et_pb_wc_additional_info][et_pb_wc_meta _builder_version=&#8221;4.16&#8243; global_colors_info=&#8221;{}&#8221;][\/et_pb_wc_meta][\/et_pb_column][et_pb_column type=&#8221;1_3&#8243; _builder_version=&#8221;4.16&#8243; custom_padding=&#8221;|||&#8221; global_colors_info=&#8221;{}&#8221; custom_padding__hover=&#8221;|||&#8221;][et_pb_wc_price _builder_version=&#8221;4.16&#8243; body_font=&#8221;||||||||&#8221; body_font_size=&#8221;50px&#8221; background_color=&#8221;#fee0ad&#8221; text_orientation=&#8221;center&#8221; height=&#8221;100px&#8221; custom_margin=&#8221;55px||0px||false|false&#8221; custom_padding=&#8221;30px|20px|0px|20px|false|true&#8221; global_colors_info=&#8221;{}&#8221; theme_builder_area=&#8221;post_content&#8221;][\/et_pb_wc_price][et_pb_wc_add_to_cart _builder_version=&#8221;4.16&#8243; background_color=&#8221;#fee0ad&#8221; custom_margin=&#8221;-2px|||||&#8221; custom_padding=&#8221;|20px|20px|20px|false|true&#8221; global_colors_info=&#8221;{}&#8221; theme_builder_area=&#8221;post_content&#8221;][\/et_pb_wc_add_to_cart][\/et_pb_column][\/et_pb_row][et_pb_row _builder_version=&#8221;4.16&#8243; background_size=&#8221;initial&#8221; background_position=&#8221;top_left&#8221; background_repeat=&#8221;repeat&#8221; width=&#8221;100%&#8221; global_colors_info=&#8221;{}&#8221;][et_pb_column type=&#8221;4_4&#8243; _builder_version=&#8221;4.16&#8243; custom_padding=&#8221;|||&#8221; global_colors_info=&#8221;{}&#8221; custom_padding__hover=&#8221;|||&#8221;][et_pb_wc_description description_type=&#8221;description&#8221; _builder_version=&#8221;4.16&#8243; global_colors_info=&#8221;{}&#8221;][\/et_pb_wc_description][\/et_pb_column][\/et_pb_row][\/et_pb_section]<\/p>\n","protected":false},"excerpt":{"rendered":"<p>A set \u00e0 12 dice for Sherman Solitaire, the game by Mike Lambo. 5 black dice, 5 green dice et 2 blue dice.<\/p>\n","protected":false},"featured_media":5695,"template":"","meta":{"_et_pb_use_builder":"on","_et_pb_old_content":"Un set de 12 d\u00e9s personnalis\u00e9s pour le jeu Sherman. Se compose de 5 d\u00e9s noirs, 5 d\u00e9s verts et 2 d\u00e9s bleus !\r\n\r\n<strong>Produit en pr\u00e9commande - disponibilit\u00e9 janvier 2026<\/strong>","_et_gb_content_width":"","_links_to":"","_links_to_target":""},"product_brand":[],"product_cat":[43,193],"product_tag":[],"class_list":{"0":"post-5691","1":"product","2":"type-product","3":"status-publish","4":"has-post-thumbnail","6":"product_cat-accessories","7":"product_cat-sherman","9":"first","10":"instock","11":"shipping-taxable","12":"purchasable","13":"product-type-simple"},"_links":{"self":[{"href":"https:\/\/shakos.fr\/en\/wp-json\/wp\/v2\/product\/5691","targetHints":{"allow":["GET"]}}],"collection":[{"href":"https:\/\/shakos.fr\/en\/wp-json\/wp\/v2\/product"}],"about":[{"href":"https:\/\/shakos.fr\/en\/wp-json\/wp\/v2\/types\/product"}],"wp:featuredmedia":[{"embeddable":true,"href":"https:\/\/shakos.fr\/en\/wp-json\/wp\/v2\/media\/5695"}],"wp:attachment":[{"href":"https:\/\/shakos.fr\/en\/wp-json\/wp\/v2\/media?parent=5691"}],"wp:term":[{"taxonomy":"product_brand","embeddable":true,"href":"https:\/\/shakos.fr\/en\/wp-json\/wp\/v2\/product_brand?post=5691"},{"taxonomy":"product_cat","embeddable":true,"href":"https:\/\/shakos.fr\/en\/wp-json\/wp\/v2\/product_cat?post=5691"},{"taxonomy":"product_tag","embeddable":true,"href":"https:\/\/shakos.fr\/en\/wp-json\/wp\/v2\/product_tag?post=5691"}],"curies":[{"name":"wp","href":"https:\/\/api.w.org\/{rel}","templated":true}]}}